{"id":1498,"date":"2023-02-20T15:54:13","date_gmt":"2023-02-20T14:54:13","guid":{"rendered":"https:\/\/meineart-iz.de\/emma\/?page_id=1498"},"modified":"2023-03-20T20:46:39","modified_gmt":"2023-03-20T19:46:39","slug":"2-0-eingangsseite","status":"publish","type":"page","link":"https:\/\/meineart-iz.de\/emma\/","title":{"rendered":"2.0 Eingangsseite"},"content":{"rendered":"\t\t<div data-elementor-type=\"wp-page\" data-elementor-id=\"1498\" class=\"elementor elementor-1498\">\n\t\t\t\t\t\t<div class=\"elementor-inner\">\n\t\t\t\t<div class=\"elementor-section-wrap\">\n\t\t\t\t\t\t\t<div class=\"elementor-element elementor-element-71091ee e-con-full e-con\" data-id=\"71091ee\" data-element_type=\"container\" data-settings=\"{&quot;background_background&quot;:&quot;classic&quot;,&quot;content_width&quot;:&quot;full&quot;}\">\n\t\t\t\t<\/div>\n\t\t<div class=\"elementor-element elementor-element-bfb3d46 e-con-boxed e-con\" data-id=\"bfb3d46\" data-element_type=\"container\" data-settings=\"{&quot;content_width&quot;:&quot;boxed&quot;}\">\n\t\t\t\t\t<div class=\"e-con-inner\">\n\t\t\t\t<div class=\"elementor-element elementor-element-ab823d5 e-transform elementor-widget elementor-widget-heading\" data-id=\"ab823d5\" data-element_type=\"widget\" data-settings=\"{&quot;_transform_scale_effect_mobile&quot;:{&quot;unit&quot;:&quot;px&quot;,&quot;size&quot;:0.90000000000000002,&quot;sizes&quot;:[]},&quot;_transform_scale_effect&quot;:{&quot;unit&quot;:&quot;px&quot;,&quot;size&quot;:&quot;&quot;,&quot;sizes&quot;:[]},&quot;_transform_scale_effect_tablet&quot;:{&quot;unit&quot;:&quot;px&quot;,&quot;size&quot;:&quot;&quot;,&quot;sizes&quot;:[]}}\" data-widget_type=\"heading.default\">\n\t\t\t\t<div class=\"elementor-widget-container\">\n\t\t\t<h2 class=\"elementor-heading-title elementor-size-default\">Herzlich Willkommen!<\/h2>\t\t<\/div>\n\t\t\t\t<\/div>\n\t\t\t\t<div class=\"elementor-element elementor-element-71f17d2 elementor-widget elementor-widget-text-editor\" data-id=\"71f17d2\" data-element_type=\"widget\" data-widget_type=\"text-editor.default\">\n\t\t\t\t<div class=\"elementor-widget-container\">\n\t\t\t\t\t\t\t\t<div class=\"elementor-text-editor elementor-clearfix\">\n\t\t\t\t<p>Sch\u00f6n, dass Ihr uns gefunden habt. Denn wenn man unter der Erde arbeitet, ist das manchmal nicht so einfach.&nbsp;<span style=\"font-size: 20px; letter-spacing: 0px;\">Wir haben uns auf das bedrucken von Textilien spezialisiert mit unterschiedlichen Drucktechniken. Ihr braucht T-Shirts&nbsp;<\/span><span style=\"font-size: 20px; letter-spacing: 0px;\">f\u00fcr einen Junggesellenabschied, Hoodies f\u00fcr euren Verein oder Taschen f\u00fcr den n\u00e4chsten Ausflug. Da seid Ihr bei uns&nbsp;<\/span><span style=\"font-size: 20px; letter-spacing: 0px;\">genau richtig. Wir arbeiten ganz individuell und setzten deine eigenen Ideen und Entw\u00fcrfe um.<\/span><\/p><p><span style=\"font-size: 20px; letter-spacing: 0px;\">Wir freuen uns euch und eure Entw\u00fcrfe kennenzulernen.<\/span><\/p>\t\t\t\t\t<\/div>\n\t\t\t\t\t\t<\/div>\n\t\t\t\t<\/div>\n\t\t\t\t\t<\/div>\n\t\t\t\t<\/div>\n\t\t<div class=\"elementor-element elementor-element-c321f6e e-con-boxed e-con\" data-id=\"c321f6e\" data-element_type=\"container\" data-settings=\"{&quot;content_width&quot;:&quot;boxed&quot;}\">\n\t\t\t\t\t<div class=\"e-con-inner\">\n\t\t\t\t<div class=\"elementor-element elementor-element-d70444c elementor-widget elementor-widget-image\" data-id=\"d70444c\" data-element_type=\"widget\" data-widget_type=\"image.default\">\n\t\t\t\t<div class=\"elementor-widget-container\">\n\t\t\t\t\t\t\t\t<div class=\"elementor-image\">\n\t\t\t\t\t\t\t\t\t\t\t\t<img decoding=\"async\" src=\"https:\/\/meineart-iz.de\/emma\/wp-content\/uploads\/elementor\/thumbs\/Umschlag-Stadtteil_3_aufgeschlagen-scaled-okl4fe4dgxneoyfuhj00f96wdl5q054md4hpyiy4s0.jpg\" title=\"DCIM100GOPROGOPR3477.JPG\" alt=\"Stadtteil Umschlag\" loading=\"lazy\" \/>\t\t\t\t\t\t\t\t\t\t\t\t\t\t<\/div>\n\t\t\t\t\t\t<\/div>\n\t\t\t\t<\/div>\n\t\t\t\t\t<\/div>\n\t\t\t\t<\/div>\n\t\t<div class=\"elementor-element elementor-element-c85a630 e-con-boxed e-con\" data-id=\"c85a630\" data-element_type=\"container\" data-settings=\"{&quot;content_width&quot;:&quot;boxed&quot;}\">\n\t\t\t\t\t<div class=\"e-con-inner\">\n\t\t<div class=\"elementor-element elementor-element-4000735 e-con-boxed e-con\" data-id=\"4000735\" data-element_type=\"container\" data-settings=\"{&quot;content_width&quot;:&quot;boxed&quot;}\">\n\t\t\t\t\t<div class=\"e-con-inner\">\n\t\t\t\t<div class=\"elementor-element elementor-element-cae71c2 elementor-widget elementor-widget-heading\" data-id=\"cae71c2\" data-element_type=\"widget\" data-widget_type=\"heading.default\">\n\t\t\t\t<div class=\"elementor-widget-container\">\n\t\t\t<h2 class=\"elementor-heading-title elementor-size-default\">Unsere Drucktechniken<\/h2>\t\t<\/div>\n\t\t\t\t<\/div>\n\t\t\t\t<div class=\"elementor-element elementor-element-b286c86 elementor-widget elementor-widget-text-editor\" data-id=\"b286c86\" data-element_type=\"widget\" data-widget_type=\"text-editor.default\">\n\t\t\t\t<div class=\"elementor-widget-container\">\n\t\t\t\t\t\t\t\t<div class=\"elementor-text-editor elementor-clearfix\">\n\t\t\t\t<p>Bei uns kommen unterschiedliche Drucktechniken zum Einsatz. Wir unterscheiden zwischen Flock und Flex, Sublimation und Tonerdruck. Die Wahl der Drucktechnik h\u00e4ngt immer von dem Entwurf, welches auf das Produkt gedruckt wird, ab. Das besticken von Produkten, bieten wir leider nicht an.<\/p>\t\t\t\t\t<\/div>\n\t\t\t\t\t\t<\/div>\n\t\t\t\t<\/div>\n\t\t\t\t\t<\/div>\n\t\t\t\t<\/div>\n\t\t\t\t\t<\/div>\n\t\t\t\t<\/div>\n\t\t<div class=\"elementor-element elementor-element-a5f0a59 e-con-boxed e-con\" data-id=\"a5f0a59\" data-element_type=\"container\" data-settings=\"{&quot;content_width&quot;:&quot;boxed&quot;}\">\n\t\t\t\t\t<div class=\"e-con-inner\">\n\t\t<div class=\"elementor-element elementor-element-05e75c3 e-con-full e-con\" data-id=\"05e75c3\" data-element_type=\"container\" data-settings=\"{&quot;content_width&quot;:&quot;full&quot;}\">\n\t\t\t\t<div class=\"elementor-element elementor-element-095715c elementor-widget elementor-widget-image\" data-id=\"095715c\" data-element_type=\"widget\" data-widget_type=\"image.default\">\n\t\t\t\t<div class=\"elementor-widget-container\">\n\t\t\t\t\t\t\t\t<div class=\"elementor-image\">\n\t\t\t\t\t\t\t\t\t<figure class=\"wp-caption\">\n\t\t\t\t\t\t\t\t\t\t<img decoding=\"async\" src=\"https:\/\/meineart-iz.de\/emma\/wp-content\/uploads\/elementor\/thumbs\/IMG_0150-og6d1dzqmf6niq38nqzj6q7clk2rskskas9bpvezfw.jpg\" title=\"IMG_0150\" alt=\"IMG_0150\" loading=\"lazy\" \/>\t\t\t\t\t\t\t\t\t\t\t<figcaption class=\"widget-image-caption wp-caption-text\">Flock<\/figcaption>\n\t\t\t\t\t\t\t\t\t\t<\/figure>\n\t\t\t\t\t\t\t\t<\/div>\n\t\t\t\t\t\t<\/div>\n\t\t\t\t<\/div>\n\t\t\t\t<\/div>\n\t\t<div class=\"elementor-element elementor-element-c5be3e6 e-con-full e-con\" data-id=\"c5be3e6\" data-element_type=\"container\" data-settings=\"{&quot;content_width&quot;:&quot;full&quot;}\">\n\t\t\t\t<div class=\"elementor-element elementor-element-cede466 elementor-widget elementor-widget-image\" data-id=\"cede466\" data-element_type=\"widget\" data-widget_type=\"image.default\">\n\t\t\t\t<div class=\"elementor-widget-container\">\n\t\t\t\t\t\t\t\t<div class=\"elementor-image\">\n\t\t\t\t\t\t\t\t\t<figure class=\"wp-caption\">\n\t\t\t\t\t\t\t\t\t\t<img loading=\"lazy\" decoding=\"async\" width=\"1024\" height=\"768\" src=\"https:\/\/meineart-iz.de\/emma\/wp-content\/uploads\/2019\/11\/Clutch_GoldElch2-1024x768.jpg\" class=\"attachment-large size-large wp-image-638\" alt=\"\" srcset=\"https:\/\/meineart-iz.de\/emma\/wp-content\/uploads\/2019\/11\/Clutch_GoldElch2-1024x768.jpg 1024w, https:\/\/meineart-iz.de\/emma\/wp-content\/uploads\/2019\/11\/Clutch_GoldElch2-300x225.jpg 300w, https:\/\/meineart-iz.de\/emma\/wp-content\/uploads\/2019\/11\/Clutch_GoldElch2-768x576.jpg 768w, https:\/\/meineart-iz.de\/emma\/wp-content\/uploads\/2019\/11\/Clutch_GoldElch2-1536x1152.jpg 1536w, https:\/\/meineart-iz.de\/emma\/wp-content\/uploads\/2019\/11\/Clutch_GoldElch2-2048x1536.jpg 2048w\" sizes=\"auto, (max-width: 1024px) 100vw, 1024px\" \/>\t\t\t\t\t\t\t\t\t\t\t<figcaption class=\"widget-image-caption wp-caption-text\">Flex<\/figcaption>\n\t\t\t\t\t\t\t\t\t\t<\/figure>\n\t\t\t\t\t\t\t\t<\/div>\n\t\t\t\t\t\t<\/div>\n\t\t\t\t<\/div>\n\t\t\t\t<\/div>\n\t\t<div class=\"elementor-element elementor-element-aded3a4 e-con-full e-con\" data-id=\"aded3a4\" data-element_type=\"container\" data-settings=\"{&quot;content_width&quot;:&quot;full&quot;}\">\n\t\t\t\t<div class=\"elementor-element elementor-element-38f9bba elementor-widget elementor-widget-image\" data-id=\"38f9bba\" data-element_type=\"widget\" data-widget_type=\"image.default\">\n\t\t\t\t<div class=\"elementor-widget-container\">\n\t\t\t\t\t\t\t\t<div class=\"elementor-image\">\n\t\t\t\t\t\t\t\t\t<figure class=\"wp-caption\">\n\t\t\t\t\t\t\t\t\t\t<img loading=\"lazy\" decoding=\"async\" width=\"1024\" height=\"768\" src=\"https:\/\/meineart-iz.de\/emma\/wp-content\/uploads\/2020\/02\/3-Tassen-Stadtteil-von-oben-1024x768.jpg\" class=\"attachment-large size-large wp-image-734\" alt=\"\" srcset=\"https:\/\/meineart-iz.de\/emma\/wp-content\/uploads\/2020\/02\/3-Tassen-Stadtteil-von-oben-1024x768.jpg 1024w, https:\/\/meineart-iz.de\/emma\/wp-content\/uploads\/2020\/02\/3-Tassen-Stadtteil-von-oben-300x225.jpg 300w, https:\/\/meineart-iz.de\/emma\/wp-content\/uploads\/2020\/02\/3-Tassen-Stadtteil-von-oben-768x576.jpg 768w, https:\/\/meineart-iz.de\/emma\/wp-content\/uploads\/2020\/02\/3-Tassen-Stadtteil-von-oben-1536x1152.jpg 1536w, https:\/\/meineart-iz.de\/emma\/wp-content\/uploads\/2020\/02\/3-Tassen-Stadtteil-von-oben-2048x1536.jpg 2048w\" sizes=\"auto, (max-width: 1024px) 100vw, 1024px\" \/>\t\t\t\t\t\t\t\t\t\t\t<figcaption class=\"widget-image-caption wp-caption-text\">Sublimation<\/figcaption>\n\t\t\t\t\t\t\t\t\t\t<\/figure>\n\t\t\t\t\t\t\t\t<\/div>\n\t\t\t\t\t\t<\/div>\n\t\t\t\t<\/div>\n\t\t\t\t<\/div>\n\t\t<div class=\"elementor-element elementor-element-9db5096 e-con-full e-con\" data-id=\"9db5096\" data-element_type=\"container\" data-settings=\"{&quot;content_width&quot;:&quot;full&quot;}\">\n\t\t\t\t<div class=\"elementor-element elementor-element-ca5bcbd elementor-widget elementor-widget-image\" data-id=\"ca5bcbd\" data-element_type=\"widget\" data-widget_type=\"image.default\">\n\t\t\t\t<div class=\"elementor-widget-container\">\n\t\t\t\t\t\t\t\t<div class=\"elementor-image\">\n\t\t\t\t\t\t\t\t\t<figure class=\"wp-caption\">\n\t\t\t\t\t\t\t\t\t\t<img decoding=\"async\" src=\"https:\/\/meineart-iz.de\/emma\/wp-content\/uploads\/elementor\/thumbs\/20220125_110308-scaled-q2s7vq2v81ifl4t01lldcdzrpr0q10d7j6kgs9byss.jpg\" title=\"20220125_110308\" alt=\"20220125_110308\" loading=\"lazy\" \/>\t\t\t\t\t\t\t\t\t\t\t<figcaption class=\"widget-image-caption wp-caption-text\">Tonerdruck<\/figcaption>\n\t\t\t\t\t\t\t\t\t\t<\/figure>\n\t\t\t\t\t\t\t\t<\/div>\n\t\t\t\t\t\t<\/div>\n\t\t\t\t<\/div>\n\t\t\t\t<\/div>\n\t\t\t\t\t<\/div>\n\t\t\t\t<\/div>\n\t\t<div class=\"elementor-element elementor-element-a57749b e-con-boxed e-con\" data-id=\"a57749b\" data-element_type=\"container\" data-settings=\"{&quot;content_width&quot;:&quot;boxed&quot;}\">\n\t\t\t\t\t<div class=\"e-con-inner\">\n\t\t\t\t<div class=\"elementor-element elementor-element-8d4713c elementor-widget elementor-widget-text-editor\" data-id=\"8d4713c\" data-element_type=\"widget\" data-widget_type=\"text-editor.default\">\n\t\t\t\t<div class=\"elementor-widget-container\">\n\t\t\t\t\t\t\t\t<div class=\"elementor-text-editor elementor-clearfix\">\n\t\t\t\t<p>Gerne beraten wir Sie bei einem pers\u00f6nlichen Gespr\u00e4ch. Wenn Sie Interesse haben an uns und m\u00f6chten etwas Bedruckt haben, stehen wir Ihnen mit Rat und Tat zur verf\u00fcgung. Wir versuchen alles M\u00f6glich zu machen. Schreibt uns gerne \u00fcber unser Kontaktformular eine Nachricht.<\/p>\t\t\t\t\t<\/div>\n\t\t\t\t\t\t<\/div>\n\t\t\t\t<\/div>\n\t\t\t\t\t<\/div>\n\t\t\t\t<\/div>\n\t\t\t\t\t\t\t\t\t<\/div>\n\t\t\t<\/div>\n\t\t\t\t\t<\/div>\n\t\t","protected":false},"excerpt":{"rendered":"<p>Herzlich Willkommen! Sch\u00f6n, dass Ihr uns gefunden habt. Denn wenn man unter der Erde arbeitet, ist das manchmal nicht so einfach.&nbsp;Wir haben uns auf das bedrucken von Textilien spezialisiert mit unterschiedlichen Drucktechniken. Ihr braucht T-Shirts&nbsp;f\u00fcr einen Junggesellenabschied, Hoodies f\u00fcr euren Verein oder Taschen f\u00fcr den n\u00e4chsten Ausflug. Da seid Ihr bei uns&nbsp;genau richtig. Wir arbeiten [&hellip;]<\/p>\n","protected":false},"author":4,"featured_media":0,"parent":0,"menu_order":0,"comment_status":"closed","ping_status":"closed","template":"elementor_header_footer","meta":{"footnotes":""},"class_list":["post-1498","page","type-page","status-publish","hentry","entry"],"_links":{"self":[{"href":"https:\/\/meineart-iz.de\/emma\/wp-json\/wp\/v2\/pages\/1498","targetHints":{"allow":["GET"]}}],"collection":[{"href":"https:\/\/meineart-iz.de\/emma\/wp-json\/wp\/v2\/pages"}],"about":[{"href":"https:\/\/meineart-iz.de\/emma\/wp-json\/wp\/v2\/types\/page"}],"author":[{"embeddable":true,"href":"https:\/\/meineart-iz.de\/emma\/wp-json\/wp\/v2\/users\/4"}],"replies":[{"embeddable":true,"href":"https:\/\/meineart-iz.de\/emma\/wp-json\/wp\/v2\/comments?post=1498"}],"version-history":[{"count":64,"href":"https:\/\/meineart-iz.de\/emma\/wp-json\/wp\/v2\/pages\/1498\/revisions"}],"predecessor-version":[{"id":1838,"href":"https:\/\/meineart-iz.de\/emma\/wp-json\/wp\/v2\/pages\/1498\/revisions\/1838"}],"wp:attachment":[{"href":"https:\/\/meineart-iz.de\/emma\/wp-json\/wp\/v2\/media?parent=1498"}],"curies":[{"name":"wp","href":"https:\/\/api.w.org\/{rel}","templated":true}]}}